{"id":675,"date":"2024-11-19T19:39:52","date_gmt":"2024-11-19T19:39:52","guid":{"rendered":"https:\/\/emprendimientosinnovadores.com\/tuvozmigrante\/?page_id=675"},"modified":"2024-11-28T05:40:15","modified_gmt":"2024-11-28T05:40:15","slug":"sobre-valentina","status":"publish","type":"page","link":"https:\/\/emprendimientosinnovadores.com\/tuvozmigrante\/sobre-valentina\/","title":{"rendered":"Sobre Valentina"},"content":{"rendered":"\t\t<div data-elementor-type=\"wp-page\" data-elementor-id=\"675\" class=\"elementor elementor-675\">\n\t\t\t\t<div class=\"elementor-element elementor-element-3853c2c e-flex e-con-boxed e-con e-parent\" data-id=\"3853c2c\" data-element_type=\"container\" data-e-type=\"container\" data-settings=\"{&quot;background_background&quot;:&quot;classic&quot;}\">\n\t\t\t\t\t<div class=\"e-con-inner\">\n\t\t\t\t<div class=\"elementor-element elementor-element-86160af elementor-invisible elementor-widget elementor-widget-heading\" data-id=\"86160af\" data-element_type=\"widget\" data-e-type=\"widget\" data-settings=\"{&quot;_animation&quot;:&quot;slideInUp&quot;}\" data-widget_type=\"heading.default\">\n\t\t\t\t<div class=\"elementor-widget-container\">\n\t\t\t\t\t<h2 class=\"elementor-heading-title elementor-size-default\">Sobre Valentina<\/h2>\t\t\t\t<\/div>\n\t\t\t\t<\/div>\n\t\t\t\t<div class=\"elementor-element elementor-element-a3b3d23 elementor-invisible elementor-widget elementor-widget-text-editor\" data-id=\"a3b3d23\" data-element_type=\"widget\" data-e-type=\"widget\" data-settings=\"{&quot;_animation&quot;:&quot;slideInUp&quot;}\" data-widget_type=\"text-editor.default\">\n\t\t\t\t<div class=\"elementor-widget-container\">\n\t\t\t\t\t\t\t\t\t<p><a href=\"https:\/\/emprendimientosinnovadores.com\/tuvozmigrante\">Inicio<\/a> &gt;&gt; Sobre Valentina<\/p>\t\t\t\t\t\t\t\t<\/div>\n\t\t\t\t<\/div>\n\t\t\t\t\t<\/div>\n\t\t\t\t<\/div>\n\t\t<div class=\"elementor-element elementor-element-3eb56284 e-con-full e-flex e-con e-parent\" data-id=\"3eb56284\" data-element_type=\"container\" data-e-type=\"container\">\n\t\t<div class=\"elementor-element elementor-element-7df4bd3f e-flex e-con-boxed e-con e-child\" data-id=\"7df4bd3f\" data-element_type=\"container\" data-e-type=\"container\" data-settings=\"{&quot;animation&quot;:&quot;none&quot;}\">\n\t\t\t\t\t<div class=\"e-con-inner\">\n\t\t<div class=\"elementor-element elementor-element-7bccee42 e-con-full e-flex e-con e-child\" data-id=\"7bccee42\" data-element_type=\"container\" data-e-type=\"container\">\n\t\t\t\t<div class=\"elementor-element elementor-element-032f0ac elementor-invisible elementor-widget elementor-widget-heading\" data-id=\"032f0ac\" data-element_type=\"widget\" data-e-type=\"widget\" data-settings=\"{&quot;_animation&quot;:&quot;slideInUp&quot;}\" data-widget_type=\"heading.default\">\n\t\t\t\t<div class=\"elementor-widget-container\">\n\t\t\t\t\t<h2 class=\"elementor-heading-title elementor-size-default\">Nuestra Podcaster<\/h2>\t\t\t\t<\/div>\n\t\t\t\t<\/div>\n\t\t\t\t<div class=\"elementor-element elementor-element-d7dfa94 elementor-invisible elementor-widget elementor-widget-heading\" data-id=\"d7dfa94\" data-element_type=\"widget\" data-e-type=\"widget\" data-settings=\"{&quot;_animation&quot;:&quot;slideInUp&quot;}\" data-widget_type=\"heading.default\">\n\t\t\t\t<div class=\"elementor-widget-container\">\n\t\t\t\t\t<h3 class=\"elementor-heading-title elementor-size-default\">Qui\u00e9n es Valentina Murcia<\/h3>\t\t\t\t<\/div>\n\t\t\t\t<\/div>\n\t\t\t\t<div class=\"elementor-element elementor-element-7bdb85a0 elementor-widget__width-initial elementor-widget-tablet__width-inherit elementor-invisible elementor-widget elementor-widget-text-editor\" data-id=\"7bdb85a0\" data-element_type=\"widget\" data-e-type=\"widget\" data-settings=\"{&quot;_animation&quot;:&quot;slideInUp&quot;}\" data-widget_type=\"text-editor.default\">\n\t\t\t\t<div class=\"elementor-widget-container\">\n\t\t\t\t\t\t\t\t\t<p>Soy Valentina Murcia, salvadore\u00f1a de nacimiento y una americana por elecci\u00f3n.<\/p><p>En 2013 decid\u00ed emprender una nueva aventura en el \u00e1rea de Dallas \u2013 Fort Worth, Texas. Al llegar, era una residente legal permanente en un lugar desconocido, con sue\u00f1os y aspiraciones que no siempre estaban alineados con mis primeras oportunidades en Estados Unidos.<\/p><p>Sin embargo, este pa\u00eds se ha convertido en mi hogar, donde no solo trabajo, sino donde he formado una hermosa familia.<\/p><p>Mi primer empleo en los medios locales fue como redactora en El Heraldo News, y luego me desempe\u00f1\u00e9 como locutora en Aliento 87.7 FM.<\/p><p>En 2020 dirig\u00ed Ecos del Pensamiento, un podcast que abordaba temas relacionados al cuidado de la familia, consejos sobre salud f\u00edsica y mental, e informaci\u00f3n sobre todo dirigida a mujeres emprendedoras.<\/p><p>En la actualidad soy CEO del Grupo Estrat\u00e9gica que aglutina distintas marcas con una gama diferencial de servicios.<\/p>\t\t\t\t\t\t\t\t<\/div>\n\t\t\t\t<\/div>\n\t\t<div class=\"elementor-element elementor-element-5819de9 e-flex e-con-boxed elementor-invisible e-con e-child\" data-id=\"5819de9\" data-element_type=\"container\" data-e-type=\"container\" data-settings=\"{&quot;animation&quot;:&quot;fadeInUp&quot;}\">\n\t\t\t\t\t<div class=\"e-con-inner\">\n\t\t\t\t<div class=\"elementor-element elementor-element-99d325b elementor-widget__width-initial elementor-widget elementor-widget-image\" data-id=\"99d325b\" data-element_type=\"widget\" data-e-type=\"widget\" data-widget_type=\"image.default\">\n\t\t\t\t<div class=\"elementor-widget-container\">\n\t\t\t\t\t\t\t\t\t\t\t\t\t\t\t<img fetchpriority=\"high\" decoding=\"async\" width=\"1400\" height=\"1080\" src=\"https:\/\/emprendimientosinnovadores.com\/tuvozmigrante\/wp-content\/uploads\/2024\/11\/Estrategica-Group-Logo-azul.svg\" class=\"attachment-full size-full wp-image-939\" alt=\"\" \/>\t\t\t\t\t\t\t\t\t\t\t\t\t\t\t<\/div>\n\t\t\t\t<\/div>\n\t\t\t\t<div class=\"elementor-element elementor-element-04add1f elementor-widget__width-initial elementor-widget elementor-widget-image\" data-id=\"04add1f\" data-element_type=\"widget\" data-e-type=\"widget\" data-widget_type=\"image.default\">\n\t\t\t\t<div class=\"elementor-widget-container\">\n\t\t\t\t\t\t\t\t\t\t\t\t\t\t\t<img decoding=\"async\" width=\"1024\" height=\"1024\" src=\"https:\/\/emprendimientosinnovadores.com\/tuvozmigrante\/wp-content\/uploads\/2024\/11\/LogoEcosdelPensamiento3.svg\" class=\"attachment-large size-large wp-image-941\" alt=\"\" \/>\t\t\t\t\t\t\t\t\t\t\t\t\t\t\t<\/div>\n\t\t\t\t<\/div>\n\t\t\t\t\t<\/div>\n\t\t\t\t<\/div>\n\t\t\t\t<\/div>\n\t\t<div class=\"elementor-element elementor-element-27540e55 e-con-full e-flex e-con e-child\" data-id=\"27540e55\" data-element_type=\"container\" data-e-type=\"container\" data-settings=\"{&quot;animation&quot;:&quot;none&quot;}\">\n\t\t<div class=\"elementor-element elementor-element-59d682ea e-con-full e-flex e-con e-child\" data-id=\"59d682ea\" data-element_type=\"container\" data-e-type=\"container\" data-settings=\"{&quot;animation&quot;:&quot;none&quot;}\">\n\t\t<div class=\"elementor-element elementor-element-5fe69c24 e-con-full e-flex e-con e-child\" data-id=\"5fe69c24\" data-element_type=\"container\" data-e-type=\"container\">\n\t\t\t\t<div class=\"elementor-element elementor-element-34a8931c elementor-widget elementor-widget-image\" data-id=\"34a8931c\" data-element_type=\"widget\" data-e-type=\"widget\" data-widget_type=\"image.default\">\n\t\t\t\t<div class=\"elementor-widget-container\">\n\t\t\t\t\t\t\t\t\t\t\t\t\t\t\t<img decoding=\"async\" width=\"1920\" height=\"1280\" src=\"https:\/\/emprendimientosinnovadores.com\/tuvozmigrante\/wp-content\/uploads\/2024\/11\/sobre-valentina-horizontal.webp\" class=\"attachment-full size-full wp-image-794\" alt=\"\" srcset=\"https:\/\/emprendimientosinnovadores.com\/tuvozmigrante\/wp-content\/uploads\/2024\/11\/sobre-valentina-horizontal.webp 1920w, https:\/\/emprendimientosinnovadores.com\/tuvozmigrante\/wp-content\/uploads\/2024\/11\/sobre-valentina-horizontal-300x200.webp 300w, https:\/\/emprendimientosinnovadores.com\/tuvozmigrante\/wp-content\/uploads\/2024\/11\/sobre-valentina-horizontal-1024x683.webp 1024w, https:\/\/emprendimientosinnovadores.com\/tuvozmigrante\/wp-content\/uploads\/2024\/11\/sobre-valentina-horizontal-768x512.webp 768w, https:\/\/emprendimientosinnovadores.com\/tuvozmigrante\/wp-content\/uploads\/2024\/11\/sobre-valentina-horizontal-1536x1024.webp 1536w\" sizes=\"(max-width: 1920px) 100vw, 1920px\" \/>\t\t\t\t\t\t\t\t\t\t\t\t\t\t\t<\/div>\n\t\t\t\t<\/div>\n\t\t\t\t<\/div>\n\t\t<div class=\"elementor-element elementor-element-5232a1db e-con-full e-flex e-con e-child\" data-id=\"5232a1db\" data-element_type=\"container\" data-e-type=\"container\">\n\t\t\t\t<div class=\"elementor-element elementor-element-8e6e0eb elementor-widget elementor-widget-image\" data-id=\"8e6e0eb\" data-element_type=\"widget\" data-e-type=\"widget\" data-widget_type=\"image.default\">\n\t\t\t\t<div class=\"elementor-widget-container\">\n\t\t\t\t\t\t\t\t\t\t\t\t\t\t\t<img loading=\"lazy\" decoding=\"async\" width=\"1281\" height=\"1280\" src=\"https:\/\/emprendimientosinnovadores.com\/tuvozmigrante\/wp-content\/uploads\/2024\/11\/sobre-valentina-cuadro.webp\" class=\"attachment-full size-full wp-image-792\" alt=\"\" srcset=\"https:\/\/emprendimientosinnovadores.com\/tuvozmigrante\/wp-content\/uploads\/2024\/11\/sobre-valentina-cuadro.webp 1281w, https:\/\/emprendimientosinnovadores.com\/tuvozmigrante\/wp-content\/uploads\/2024\/11\/sobre-valentina-cuadro-300x300.webp 300w, https:\/\/emprendimientosinnovadores.com\/tuvozmigrante\/wp-content\/uploads\/2024\/11\/sobre-valentina-cuadro-1024x1024.webp 1024w, https:\/\/emprendimientosinnovadores.com\/tuvozmigrante\/wp-content\/uploads\/2024\/11\/sobre-valentina-cuadro-150x150.webp 150w, https:\/\/emprendimientosinnovadores.com\/tuvozmigrante\/wp-content\/uploads\/2024\/11\/sobre-valentina-cuadro-768x767.webp 768w\" sizes=\"(max-width: 1281px) 100vw, 1281px\" \/>\t\t\t\t\t\t\t\t\t\t\t\t\t\t\t<\/div>\n\t\t\t\t<\/div>\n\t\t\t\t<\/div>\n\t\t\t\t<\/div>\n\t\t<div class=\"elementor-element elementor-element-7021b451 e-con-full e-flex e-con e-child\" data-id=\"7021b451\" data-element_type=\"container\" data-e-type=\"container\">\n\t\t<div class=\"elementor-element elementor-element-43a557e9 e-con-full e-flex e-con e-child\" data-id=\"43a557e9\" data-element_type=\"container\" data-e-type=\"container\">\n\t\t\t\t<div class=\"elementor-element elementor-element-623044d elementor-widget elementor-widget-image\" data-id=\"623044d\" data-element_type=\"widget\" data-e-type=\"widget\" data-widget_type=\"image.default\">\n\t\t\t\t<div class=\"elementor-widget-container\">\n\t\t\t\t\t\t\t\t\t\t\t\t\t\t\t<img loading=\"lazy\" decoding=\"async\" width=\"1279\" height=\"1280\" src=\"https:\/\/emprendimientosinnovadores.com\/tuvozmigrante\/wp-content\/uploads\/2024\/11\/sobre-valentina-cuadro3.webp\" class=\"attachment-full size-full wp-image-797\" alt=\"\" srcset=\"https:\/\/emprendimientosinnovadores.com\/tuvozmigrante\/wp-content\/uploads\/2024\/11\/sobre-valentina-cuadro3.webp 1279w, https:\/\/emprendimientosinnovadores.com\/tuvozmigrante\/wp-content\/uploads\/2024\/11\/sobre-valentina-cuadro3-300x300.webp 300w, https:\/\/emprendimientosinnovadores.com\/tuvozmigrante\/wp-content\/uploads\/2024\/11\/sobre-valentina-cuadro3-1024x1024.webp 1024w, https:\/\/emprendimientosinnovadores.com\/tuvozmigrante\/wp-content\/uploads\/2024\/11\/sobre-valentina-cuadro3-150x150.webp 150w, https:\/\/emprendimientosinnovadores.com\/tuvozmigrante\/wp-content\/uploads\/2024\/11\/sobre-valentina-cuadro3-768x769.webp 768w\" sizes=\"(max-width: 1279px) 100vw, 1279px\" \/>\t\t\t\t\t\t\t\t\t\t\t\t\t\t\t<\/div>\n\t\t\t\t<\/div>\n\t\t\t\t<\/div>\n\t\t<div class=\"elementor-element elementor-element-460016e4 e-con-full e-flex e-con e-child\" data-id=\"460016e4\" data-element_type=\"container\" data-e-type=\"container\">\n\t\t\t\t<div class=\"elementor-element elementor-element-6b999474 elementor-widget elementor-widget-image\" data-id=\"6b999474\" data-element_type=\"widget\" data-e-type=\"widget\" data-widget_type=\"image.default\">\n\t\t\t\t<div class=\"elementor-widget-container\">\n\t\t\t\t\t\t\t\t\t\t\t\t\t\t\t<img loading=\"lazy\" decoding=\"async\" width=\"1920\" height=\"1280\" src=\"https:\/\/emprendimientosinnovadores.com\/tuvozmigrante\/wp-content\/uploads\/2024\/11\/sobre-valentina-horizontal2.webp\" class=\"attachment-full size-full wp-image-795\" alt=\"\" srcset=\"https:\/\/emprendimientosinnovadores.com\/tuvozmigrante\/wp-content\/uploads\/2024\/11\/sobre-valentina-horizontal2.webp 1920w, https:\/\/emprendimientosinnovadores.com\/tuvozmigrante\/wp-content\/uploads\/2024\/11\/sobre-valentina-horizontal2-300x200.webp 300w, https:\/\/emprendimientosinnovadores.com\/tuvozmigrante\/wp-content\/uploads\/2024\/11\/sobre-valentina-horizontal2-1024x683.webp 1024w, https:\/\/emprendimientosinnovadores.com\/tuvozmigrante\/wp-content\/uploads\/2024\/11\/sobre-valentina-horizontal2-768x512.webp 768w, https:\/\/emprendimientosinnovadores.com\/tuvozmigrante\/wp-content\/uploads\/2024\/11\/sobre-valentina-horizontal2-1536x1024.webp 1536w\" sizes=\"(max-width: 1920px) 100vw, 1920px\" \/>\t\t\t\t\t\t\t\t\t\t\t\t\t\t\t<\/div>\n\t\t\t\t<\/div>\n\t\t\t\t<\/div>\n\t\t\t\t<\/div>\n\t\t\t\t<\/div>\n\t\t\t\t\t<\/div>\n\t\t\t\t<\/div>\n\t\t\t\t<\/div>\n\t\t<div class=\"elementor-element elementor-element-bcc1b82 e-flex e-con-boxed e-con e-parent\" data-id=\"bcc1b82\" data-element_type=\"container\" data-e-type=\"container\">\n\t\t\t\t\t<div class=\"e-con-inner\">\n\t\t<div class=\"elementor-element elementor-element-2a53344 e-con-full e-flex elementor-invisible e-con e-child\" data-id=\"2a53344\" data-element_type=\"container\" data-e-type=\"container\" data-settings=\"{&quot;animation&quot;:&quot;slideInLeft&quot;}\">\n\t\t\t\t<div class=\"elementor-element elementor-element-5ae2099 elementor-invisible elementor-widget elementor-widget-heading\" data-id=\"5ae2099\" data-element_type=\"widget\" data-e-type=\"widget\" data-settings=\"{&quot;_animation&quot;:&quot;slideInUp&quot;}\" data-widget_type=\"heading.default\">\n\t\t\t\t<div class=\"elementor-widget-container\">\n\t\t\t\t\t<h2 class=\"elementor-heading-title elementor-size-default\">Mi Misi\u00f3n<\/h2>\t\t\t\t<\/div>\n\t\t\t\t<\/div>\n\t\t\t\t<div class=\"elementor-element elementor-element-8a1017f elementor-widget__width-initial elementor-widget-mobile__width-inherit elementor-widget-tablet__width-inherit elementor-invisible elementor-widget elementor-widget-heading\" data-id=\"8a1017f\" data-element_type=\"widget\" data-e-type=\"widget\" data-settings=\"{&quot;_animation&quot;:&quot;slideInUp&quot;}\" data-widget_type=\"heading.default\">\n\t\t\t\t<div class=\"elementor-widget-container\">\n\t\t\t\t\t<h3 class=\"elementor-heading-title elementor-size-default\">Por qu\u00e9 estoy aqu\u00ed<\/h3>\t\t\t\t<\/div>\n\t\t\t\t<\/div>\n\t\t\t\t<div class=\"elementor-element elementor-element-1e94a59 elementor-widget__width-initial elementor-widget-mobile__width-inherit elementor-widget-tablet__width-inherit elementor-invisible elementor-widget elementor-widget-text-editor\" data-id=\"1e94a59\" data-element_type=\"widget\" data-e-type=\"widget\" data-settings=\"{&quot;_animation&quot;:&quot;slideInUp&quot;}\" data-widget_type=\"text-editor.default\">\n\t\t\t\t<div class=\"elementor-widget-container\">\n\t\t\t\t\t\t\t\t\t<p>A lo largo de este tiempo, he realizado infomerciales para diferentes marcas, pero lo que m\u00e1s me ha marcado ha sido mi rol durante los \u00faltimos ocho a\u00f1os en una oficina de abogados de inmigraci\u00f3n.<\/p><p>Este trabajo me ha permitido conocer de cerca las necesidades de la comunidad latina, y me ha motivado a ser una voz que informa y apoya a quienes buscan su lugar en esta nueva tierra.<\/p><p>He aprendido a amar y valorar la diversidad que ofrece mi nuevo hogar, un lugar donde mis hijos nacieron y donde he aprendido que las diferencias nos enriquecen.<\/p><p>Mi extraordinaria red de amigos y colegas, provenientes de diversas nacionalidades y que hablan diferentes idiomas, se han convertido en mi familia por elecci\u00f3n.<\/p><p>Como mujer, madre, inmigrante y profesional, entiendo los retos que enfrentamos, pero tambi\u00e9n creo firmemente en la fuerza de nuestra comunidad.<\/p><p>Estoy aqu\u00ed para escuchar, aprender y compartir, porque cada historia importa y cada voz cuenta. Juntos, podemos construir un puente de entendimiento y apoyo que nos lleve hacia un futuro brillante.<\/p><p>Desde este espacio, que es tambi\u00e9n el de muchos de ustedes, deseo seguir siendo una aliada en este viaje, transmitiendo no solo informaci\u00f3n, sino tambi\u00e9n esperanza y un sentido de pertenencia.<\/p>\t\t\t\t\t\t\t\t<\/div>\n\t\t\t\t<\/div>\n\t\t\t\t<\/div>\n\t\t<div class=\"elementor-element elementor-element-b050264 e-con-full e-flex e-con e-child\" data-id=\"b050264\" data-element_type=\"container\" data-e-type=\"container\">\n\t\t\t\t<div class=\"elementor-element elementor-element-030fbb5 elementor-widget__width-initial elementor-widget-mobile__width-inherit elementor-invisible elementor-widget elementor-widget-rtm-team\" data-id=\"030fbb5\" data-element_type=\"widget\" data-e-type=\"widget\" data-settings=\"{&quot;_animation&quot;:&quot;slideInUp&quot;}\" data-widget_type=\"rtm-team.default\">\n\t\t\t\t<div class=\"elementor-widget-container\">\n\t\t\t\t\t        <div class=\"rkit-team rkit-team__overlay\">\r\n            <div class=\"rkit-team-card \">\r\n                <div class=\"rkit-team__img zoom-in\">\r\n                    <img loading=\"lazy\" decoding=\"async\" width=\"1280\" height=\"1280\" src=\"https:\/\/emprendimientosinnovadores.com\/tuvozmigrante\/wp-content\/uploads\/2024\/11\/sobre-valentina-cuadro2.webp\" class=\"attachment-full size-full wp-image-793\" alt=\"\" srcset=\"https:\/\/emprendimientosinnovadores.com\/tuvozmigrante\/wp-content\/uploads\/2024\/11\/sobre-valentina-cuadro2.webp 1280w, https:\/\/emprendimientosinnovadores.com\/tuvozmigrante\/wp-content\/uploads\/2024\/11\/sobre-valentina-cuadro2-300x300.webp 300w, https:\/\/emprendimientosinnovadores.com\/tuvozmigrante\/wp-content\/uploads\/2024\/11\/sobre-valentina-cuadro2-1024x1024.webp 1024w, https:\/\/emprendimientosinnovadores.com\/tuvozmigrante\/wp-content\/uploads\/2024\/11\/sobre-valentina-cuadro2-150x150.webp 150w, https:\/\/emprendimientosinnovadores.com\/tuvozmigrante\/wp-content\/uploads\/2024\/11\/sobre-valentina-cuadro2-768x768.webp 768w\" sizes=\"(max-width: 1280px) 100vw, 1280px\" \/>                <\/div>\r\n                <div class=\"rkit-team__detail\">\r\n                    <h4 class=\"rkit-team__name\"><\/h4>\r\n                    <span class=\"rkit-team__role\">Mis Conversaciones<\/span>\r\n                    <span class=\"rkit-team__description\">Disfruta las conversaciones con mis invitados. <\/span>\r\n                                            <div class=\"rkit-team__social\">\r\n                                                                <div class=\"0d07f9f \">\r\n                                        <a class=\"rkit-team__social_item\" href=\"https:\/\/facebook.com\">\r\n                                            <svg aria-hidden=\"true\" class=\"rkit-team__social_icon e-font-icon-svg e-fab-youtube\" viewBox=\"0 0 576 512\" xmlns=\"http:\/\/www.w3.org\/2000\/svg\"><path d=\"M549.655 124.083c-6.281-23.65-24.787-42.276-48.284-48.597C458.781 64 288 64 288 64S117.22 64 74.629 75.486c-23.497 6.322-42.003 24.947-48.284 48.597-11.412 42.867-11.412 132.305-11.412 132.305s0 89.438 11.412 132.305c6.281 23.65 24.787 41.5 48.284 47.821C117.22 448 288 448 288 448s170.78 0 213.371-11.486c23.497-6.321 42.003-24.171 48.284-47.821 11.412-42.867 11.412-132.305 11.412-132.305s0-89.438-11.412-132.305zm-317.51 213.508V175.185l142.739 81.205-142.739 81.201z\"><\/path><\/svg>                                        <\/a>\r\n                                    <\/div>\r\n                                                    <\/div>\r\n                                    <\/div>\r\n                            <\/div>\r\n        <\/div>\r\n\t\t\t\t<\/div>\n\t\t\t\t<\/div>\n\t\t\t\t<\/div>\n\t\t\t\t\t<\/div>\n\t\t\t\t<\/div>\n\t\t\t\t<\/div>\n\t\t","protected":false},"excerpt":{"rendered":"<p>Sobre Valentina Inicio &gt;&gt; Sobre Valentina Nuestra Podcaster Qui\u00e9n es Valentina Murcia Soy Valentina Murcia, salvadore\u00f1a de nacimiento y una americana por elecci\u00f3n. En 2013 decid\u00ed emprender una nueva aventura en el \u00e1rea de Dallas \u2013 Fort Worth, Texas. Al llegar, era una residente legal permanente en un lugar desconocido, con sue\u00f1os y aspiraciones que [&hellip;]<\/p>\n","protected":false},"author":1,"featured_media":0,"parent":0,"menu_order":0,"comment_status":"closed","ping_status":"closed","template":"","meta":{"footnotes":""},"class_list":["post-675","page","type-page","status-publish","hentry"],"_links":{"self":[{"href":"https:\/\/emprendimientosinnovadores.com\/tuvozmigrante\/wp-json\/wp\/v2\/pages\/675","targetHints":{"allow":["GET"]}}],"collection":[{"href":"https:\/\/emprendimientosinnovadores.com\/tuvozmigrante\/wp-json\/wp\/v2\/pages"}],"about":[{"href":"https:\/\/emprendimientosinnovadores.com\/tuvozmigrante\/wp-json\/wp\/v2\/types\/page"}],"author":[{"embeddable":true,"href":"https:\/\/emprendimientosinnovadores.com\/tuvozmigrante\/wp-json\/wp\/v2\/users\/1"}],"replies":[{"embeddable":true,"href":"https:\/\/emprendimientosinnovadores.com\/tuvozmigrante\/wp-json\/wp\/v2\/comments?post=675"}],"version-history":[{"count":70,"href":"https:\/\/emprendimientosinnovadores.com\/tuvozmigrante\/wp-json\/wp\/v2\/pages\/675\/revisions"}],"predecessor-version":[{"id":1145,"href":"https:\/\/emprendimientosinnovadores.com\/tuvozmigrante\/wp-json\/wp\/v2\/pages\/675\/revisions\/1145"}],"wp:attachment":[{"href":"https:\/\/emprendimientosinnovadores.com\/tuvozmigrante\/wp-json\/wp\/v2\/media?parent=675"}],"curies":[{"name":"wp","href":"https:\/\/api.w.org\/{rel}","templated":true}]}}