{"id":277,"date":"2025-10-14T19:51:09","date_gmt":"2025-10-14T19:51:09","guid":{"rendered":"https:\/\/emprendimientosinnovadores.com\/weareelsalvador\/?page_id=277"},"modified":"2025-10-16T19:53:39","modified_gmt":"2025-10-16T19:53:39","slug":"blog","status":"publish","type":"page","link":"https:\/\/emprendimientosinnovadores.com\/weareelsalvador\/blog\/","title":{"rendered":"BLOG"},"content":{"rendered":"\t\t<div data-elementor-type=\"wp-page\" data-elementor-id=\"277\" class=\"elementor elementor-277\" data-elementor-post-type=\"page\">\n\t\t\t\t<div class=\"elementor-element elementor-element-743b0608 e-flex e-con-boxed e-con e-parent\" data-id=\"743b0608\" data-element_type=\"container\" data-settings=\"{&quot;background_background&quot;:&quot;classic&quot;}\">\n\t\t\t\t\t<div class=\"e-con-inner\">\n\t\t\t\t<div class=\"elementor-element elementor-element-7c921463 elementor-widget elementor-widget-heading\" data-id=\"7c921463\" data-element_type=\"widget\" data-widget_type=\"heading.default\">\n\t\t\t\t\t<h2 class=\"elementor-heading-title elementor-size-default\">Blog <\/h2>\t\t\t\t<\/div>\n\t\t\t\t<div class=\"elementor-element elementor-element-2ca63761 elementor-widget__width-auto elementor-icon-list--layout-inline elementor-list-item-link-full_width elementor-widget elementor-widget-icon-list\" data-id=\"2ca63761\" data-element_type=\"widget\" data-widget_type=\"icon-list.default\">\n\t\t\t\t\t\t\t<ul class=\"elementor-icon-list-items elementor-inline-items\">\n\t\t\t\t\t\t\t<li class=\"elementor-icon-list-item elementor-inline-item\">\n\t\t\t\t\t\t\t\t\t\t\t<a href=\"https:\/\/emprendimientosinnovadores.com\/weareelsalvador\/\">\n\n\t\t\t\t\t\t\t\t\t\t\t\t<span class=\"elementor-icon-list-icon\">\n\t\t\t\t\t\t\t<svg aria-hidden=\"true\" class=\"e-font-icon-svg e-fas-home\" viewBox=\"0 0 576 512\" xmlns=\"http:\/\/www.w3.org\/2000\/svg\"><path d=\"M280.37 148.26L96 300.11V464a16 16 0 0 0 16 16l112.06-.29a16 16 0 0 0 15.92-16V368a16 16 0 0 1 16-16h64a16 16 0 0 1 16 16v95.64a16 16 0 0 0 16 16.05L464 480a16 16 0 0 0 16-16V300L295.67 148.26a12.19 12.19 0 0 0-15.3 0zM571.6 251.47L488 182.56V44.05a12 12 0 0 0-12-12h-56a12 12 0 0 0-12 12v72.61L318.47 43a48 48 0 0 0-61 0L4.34 251.47a12 12 0 0 0-1.6 16.9l25.5 31A12 12 0 0 0 45.15 301l235.22-193.74a12.19 12.19 0 0 1 15.3 0L530.9 301a12 12 0 0 0 16.9-1.6l25.5-31a12 12 0 0 0-1.7-16.93z\"><\/path><\/svg>\t\t\t\t\t\t<\/span>\n\t\t\t\t\t\t\t\t\t\t<span class=\"elementor-icon-list-text\">Inicio<\/span>\n\t\t\t\t\t\t\t\t\t\t\t<\/a>\n\t\t\t\t\t\t\t\t\t<\/li>\n\t\t\t\t\t\t\t\t<li class=\"elementor-icon-list-item elementor-inline-item\">\n\t\t\t\t\t\t\t\t\t\t<span class=\"elementor-icon-list-text\">\/<\/span>\n\t\t\t\t\t\t\t\t\t<\/li>\n\t\t\t\t\t\t\t\t<li class=\"elementor-icon-list-item elementor-inline-item\">\n\t\t\t\t\t\t\t\t\t\t\t<a href=\"https:\/\/emprendimientosinnovadores.com\/weareelsalvador\/blog\/\">\n\n\t\t\t\t\t\t\t\t\t\t\t<span class=\"elementor-icon-list-text\">Blog <\/span>\n\t\t\t\t\t\t\t\t\t\t\t<\/a>\n\t\t\t\t\t\t\t\t\t<\/li>\n\t\t\t\t\t\t<\/ul>\n\t\t\t\t\t\t<\/div>\n\t\t\t\t\t<\/div>\n\t\t\t\t<\/div>\n\t\t<div class=\"elementor-element elementor-element-4f124d32 e-flex e-con-boxed e-con e-parent\" data-id=\"4f124d32\" data-element_type=\"container\" data-settings=\"{&quot;background_background&quot;:&quot;classic&quot;}\">\n\t\t\t\t\t<div class=\"e-con-inner\">\n\t\t<div class=\"elementor-element elementor-element-756bc605 e-con-full e-flex e-con e-child\" data-id=\"756bc605\" data-element_type=\"container\">\n\t\t\t\t<div class=\"elementor-element elementor-element-f70c3c8 elementor-widget elementor-widget-rkit-post-grid-post\" data-id=\"f70c3c8\" data-element_type=\"widget\" data-widget_type=\"rkit-post-grid-post.default\">\n\t\t\t\t<div class=\"elementor-widget-container\">\n\t\t\t\t\t        <div class=\"rkit-post-grid\">\r\n                            <div class=\"rkit-post-grid-card  elementor-animation-\">\r\n                                            <div class=\"rkit-image-container\">\r\n                                                        <a class=\"rkit-image-link\" style=\"overflow: hidden;\" href=\"https:\/\/emprendimientosinnovadores.com\/weareelsalvador\/el-corazon-detras-de-we-are-el-salvador\/\">\r\n                                <img fetchpriority=\"high\" decoding=\"async\" width=\"800\" height=\"533\" src=\"https:\/\/emprendimientosinnovadores.com\/weareelsalvador\/wp-content\/uploads\/2025\/10\/blog-post3.webp\" class=\"rkit-post-grid-img wp-post-image\" alt=\"\" srcset=\"https:\/\/emprendimientosinnovadores.com\/weareelsalvador\/wp-content\/uploads\/2025\/10\/blog-post3.webp 875w, https:\/\/emprendimientosinnovadores.com\/weareelsalvador\/wp-content\/uploads\/2025\/10\/blog-post3-300x200.webp 300w, https:\/\/emprendimientosinnovadores.com\/weareelsalvador\/wp-content\/uploads\/2025\/10\/blog-post3-768x512.webp 768w\" sizes=\"(max-width: 800px) 100vw, 800px\" \/>                            <\/a>\r\n                                                            <div class=\"rkit-float-metawrapper-date\">\r\n                                    <span><strong>16<\/strong>Oct<\/span>\r\n                                <\/div>\r\n                                                    <\/div>\r\n                                        <div class=\"rkit-post-grid-body \">\r\n                                                                            <div class=\"rkit-post-grid-title-container\">\r\n                                <a class=\"rkit-post-grid-title\" href=\"https:\/\/emprendimientosinnovadores.com\/weareelsalvador\/el-corazon-detras-de-we-are-el-salvador\/\">El coraz\u00f3n detr\u00e1s de We Are El Salvador<\/a>\r\n                            <\/div>\r\n                                                                                                    <div class=\"rkit-post-grid-content\">\r\n                                <p class=\"rkit-post-grid-paragraph\">We Are El Salvador naci\u00f3 del coraz\u00f3n de salvadore\u00f1os comprometidos&hellip;                                <\/p>\r\n                            <\/div>\r\n                                                                                                    <div class=\"rkit-readmore-div\">\r\n                                <a class=\"rkit-readmore-btn\" type=\"button\" href=\"https:\/\/emprendimientosinnovadores.com\/weareelsalvador\/el-corazon-detras-de-we-are-el-salvador\/\">\r\n                                                                        Leer Art\u00edculo Completo                                    <i aria-hidden=\"true\" class=\"rkit-icon-readmore  ti-arrow-top-right\"><\/i>                                <\/a>\r\n                            <\/div>\r\n                                            <\/div>\r\n                <\/div>\r\n                <div class=\"rkit-post-grid-card  elementor-animation-\">\r\n                                            <div class=\"rkit-image-container\">\r\n                                                        <a class=\"rkit-image-link\" style=\"overflow: hidden;\" href=\"https:\/\/emprendimientosinnovadores.com\/weareelsalvador\/salvadorenos-en-el-exterior-que-salvan-vidas\/\">\r\n                                <img decoding=\"async\" width=\"800\" height=\"533\" src=\"https:\/\/emprendimientosinnovadores.com\/weareelsalvador\/wp-content\/uploads\/2025\/10\/blog-post2.webp\" class=\"rkit-post-grid-img wp-post-image\" alt=\"\" srcset=\"https:\/\/emprendimientosinnovadores.com\/weareelsalvador\/wp-content\/uploads\/2025\/10\/blog-post2.webp 875w, https:\/\/emprendimientosinnovadores.com\/weareelsalvador\/wp-content\/uploads\/2025\/10\/blog-post2-300x200.webp 300w, https:\/\/emprendimientosinnovadores.com\/weareelsalvador\/wp-content\/uploads\/2025\/10\/blog-post2-768x512.webp 768w\" sizes=\"(max-width: 800px) 100vw, 800px\" \/>                            <\/a>\r\n                                                            <div class=\"rkit-float-metawrapper-date\">\r\n                                    <span><strong>15<\/strong>Oct<\/span>\r\n                                <\/div>\r\n                                                    <\/div>\r\n                                        <div class=\"rkit-post-grid-body \">\r\n                                                                            <div class=\"rkit-post-grid-title-container\">\r\n                                <a class=\"rkit-post-grid-title\" href=\"https:\/\/emprendimientosinnovadores.com\/weareelsalvador\/salvadorenos-en-el-exterior-que-salvan-vidas\/\">Salvadore\u00f1os en el exterior que salvan vidas<\/a>\r\n                            <\/div>\r\n                                                                                                    <div class=\"rkit-post-grid-content\">\r\n                                <p class=\"rkit-post-grid-paragraph\">El pasado 19 de julio, la comunidad salvadore\u00f1a de Irving&hellip;                                <\/p>\r\n                            <\/div>\r\n                                                                                                    <div class=\"rkit-readmore-div\">\r\n                                <a class=\"rkit-readmore-btn\" type=\"button\" href=\"https:\/\/emprendimientosinnovadores.com\/weareelsalvador\/salvadorenos-en-el-exterior-que-salvan-vidas\/\">\r\n                                                                        Leer Art\u00edculo Completo                                    <i aria-hidden=\"true\" class=\"rkit-icon-readmore  ti-arrow-top-right\"><\/i>                                <\/a>\r\n                            <\/div>\r\n                                            <\/div>\r\n                <\/div>\r\n                <div class=\"rkit-post-grid-card  elementor-animation-\">\r\n                                            <div class=\"rkit-image-container\">\r\n                                                        <a class=\"rkit-image-link\" style=\"overflow: hidden;\" href=\"https:\/\/emprendimientosinnovadores.com\/weareelsalvador\/cuando-el-amor-se-convierte-en-esperanza\/\">\r\n                                <img decoding=\"async\" width=\"800\" height=\"533\" src=\"https:\/\/emprendimientosinnovadores.com\/weareelsalvador\/wp-content\/uploads\/2025\/10\/blog-post1.webp\" class=\"rkit-post-grid-img wp-post-image\" alt=\"\" srcset=\"https:\/\/emprendimientosinnovadores.com\/weareelsalvador\/wp-content\/uploads\/2025\/10\/blog-post1.webp 875w, https:\/\/emprendimientosinnovadores.com\/weareelsalvador\/wp-content\/uploads\/2025\/10\/blog-post1-300x200.webp 300w, https:\/\/emprendimientosinnovadores.com\/weareelsalvador\/wp-content\/uploads\/2025\/10\/blog-post1-768x512.webp 768w\" sizes=\"(max-width: 800px) 100vw, 800px\" \/>                            <\/a>\r\n                                                            <div class=\"rkit-float-metawrapper-date\">\r\n                                    <span><strong>14<\/strong>Oct<\/span>\r\n                                <\/div>\r\n                                                    <\/div>\r\n                                        <div class=\"rkit-post-grid-body \">\r\n                                                                            <div class=\"rkit-post-grid-title-container\">\r\n                                <a class=\"rkit-post-grid-title\" href=\"https:\/\/emprendimientosinnovadores.com\/weareelsalvador\/cuando-el-amor-se-convierte-en-esperanza\/\">Cuando el amor se convierte en esperanza<\/a>\r\n                            <\/div>\r\n                                                                                                    <div class=\"rkit-post-grid-content\">\r\n                                <p class=\"rkit-post-grid-paragraph\">We Are El Salvador realiz\u00f3 entregas de medicamentos en varias&hellip;                                <\/p>\r\n                            <\/div>\r\n                                                                                                    <div class=\"rkit-readmore-div\">\r\n                                <a class=\"rkit-readmore-btn\" type=\"button\" href=\"https:\/\/emprendimientosinnovadores.com\/weareelsalvador\/cuando-el-amor-se-convierte-en-esperanza\/\">\r\n                                                                        Leer Art\u00edculo Completo                                    <i aria-hidden=\"true\" class=\"rkit-icon-readmore  ti-arrow-top-right\"><\/i>                                <\/a>\r\n                            <\/div>\r\n                                            <\/div>\r\n                <\/div>\r\n        <\/div>\r\n        \t\t\t\t<\/div>\n\t\t\t\t<\/div>\n\t\t\t\t<\/div>\n\t\t\t\t\t<\/div>\n\t\t\t\t<\/div>\n\t\t\t\t<\/div>\n\t\t","protected":false},"excerpt":{"rendered":"<p>Blog Inicio \/ Blog 16Oct El coraz\u00f3n detr\u00e1s de We Are El Salvador We Are El Salvador naci\u00f3 del coraz\u00f3n de salvadore\u00f1os comprometidos&hellip; Leer Art\u00edculo Completo 15Oct Salvadore\u00f1os en el exterior que salvan vidas El pasado 19 de julio, la comunidad salvadore\u00f1a de Irving&hellip; Leer Art\u00edculo Completo 14Oct Cuando el amor se convierte en esperanza [&hellip;]<\/p>\n","protected":false},"author":1,"featured_media":0,"parent":0,"menu_order":0,"comment_status":"closed","ping_status":"closed","template":"elementor_header_footer","meta":{"give_campaign_id":0,"footnotes":""},"class_list":["post-277","page","type-page","status-publish","hentry"],"campaignId":"","_hostinger_reach_plugin_has_subscription_block":false,"_hostinger_reach_plugin_is_elementor":false,"_links":{"self":[{"href":"https:\/\/emprendimientosinnovadores.com\/weareelsalvador\/wp-json\/wp\/v2\/pages\/277","targetHints":{"allow":["GET"]}}],"collection":[{"href":"https:\/\/emprendimientosinnovadores.com\/weareelsalvador\/wp-json\/wp\/v2\/pages"}],"about":[{"href":"https:\/\/emprendimientosinnovadores.com\/weareelsalvador\/wp-json\/wp\/v2\/types\/page"}],"author":[{"embeddable":true,"href":"https:\/\/emprendimientosinnovadores.com\/weareelsalvador\/wp-json\/wp\/v2\/users\/1"}],"replies":[{"embeddable":true,"href":"https:\/\/emprendimientosinnovadores.com\/weareelsalvador\/wp-json\/wp\/v2\/comments?post=277"}],"version-history":[{"count":16,"href":"https:\/\/emprendimientosinnovadores.com\/weareelsalvador\/wp-json\/wp\/v2\/pages\/277\/revisions"}],"predecessor-version":[{"id":700,"href":"https:\/\/emprendimientosinnovadores.com\/weareelsalvador\/wp-json\/wp\/v2\/pages\/277\/revisions\/700"}],"wp:attachment":[{"href":"https:\/\/emprendimientosinnovadores.com\/weareelsalvador\/wp-json\/wp\/v2\/media?parent=277"}],"curies":[{"name":"wp","href":"https:\/\/api.w.org\/{rel}","templated":true}]}}